{"id":1441,"date":"2024-02-09T23:49:16","date_gmt":"2024-02-09T23:49:16","guid":{"rendered":"https:\/\/encontrosdodevir.com\/devir-capa.com\/?page_id=1441"},"modified":"2024-02-14T22:42:54","modified_gmt":"2024-02-14T22:42:54","slug":"valados-pt","status":"publish","type":"page","link":"https:\/\/devir-capa.com\/devir-capa.com\/valados-pt\/","title":{"rendered":"Valados PT"},"content":{"rendered":"<p>[et_pb_section fb_built=&#8221;1&#8243; _builder_version=&#8221;4.24.0&#8243; _module_preset=&#8221;default&#8221; hover_enabled=&#8221;0&#8243; global_colors_info=&#8221;{%22gcid-9c7dee6f-4296-49fb-b3a3-13d579804a92%22:%91%22background_color%22%93}&#8221; background_color=&#8221;gcid-9c7dee6f-4296-49fb-b3a3-13d579804a92&#8243; sticky_enabled=&#8221;0&#8243;][et_pb_row _builder_version=&#8221;4.24.0&#8243; _module_preset=&#8221;default&#8221; global_colors_info=&#8221;{}&#8221;][et_pb_column type=&#8221;4_4&#8243; _builder_version=&#8221;4.24.0&#8243; _module_preset=&#8221;default&#8221; global_colors_info=&#8221;{}&#8221;][et_pb_text _builder_version=&#8221;4.24.0&#8243; _module_preset=&#8221;default&#8221; global_colors_info=&#8221;{}&#8221;]<\/p>\n<h1 style=\"text-align: right;\">valados<\/h1>\n<p>[\/et_pb_text][\/et_pb_column][\/et_pb_row][et_pb_row _builder_version=&#8221;4.24.0&#8243; _module_preset=&#8221;default&#8221; global_colors_info=&#8221;{}&#8221; locked=&#8221;off&#8221;][et_pb_column type=&#8221;4_4&#8243; _builder_version=&#8221;4.24.0&#8243; _module_preset=&#8221;default&#8221; global_colors_info=&#8221;{}&#8221;][et_pb_text _builder_version=&#8221;4.24.0&#8243; _module_preset=&#8221;default&#8221; custom_padding=&#8221;|||30%|false|false&#8221; custom_padding_tablet=&#8221;|||20%|false|false&#8221; custom_padding_phone=&#8221;|||0%|false|false&#8221; custom_padding_last_edited=&#8221;on|desktop&#8221; hover_enabled=&#8221;0&#8243; global_colors_info=&#8221;{}&#8221; sticky_enabled=&#8221;0&#8243;]<\/p>\n<p><strong>valados<\/strong> consiste num programa de actividades nas \u00e1reas das artes performativas, realizado em articula\u00e7\u00e3o com o ensino formal, nomeadamente atrav\u00e9s de um protocolo celebrado com a Escola Secund\u00e1ria Tom\u00e1s Cabreira &#8211; Faro, direccionado para os alunos dos Cursos Profissionais de Artes do Espect\u00e1culo &#8211; Interpreta\u00e7\u00e3o e Int\u00e9rprete de Dan\u00e7a Contempor\u00e2nea. Tem como objectivo contribuir para enriquecer a forma\u00e7\u00e3o curricular promovendo o contacto dos alunos daquela institui\u00e7\u00e3o com jovens profissionais, com idades muito pr\u00f3ximas das dos espectadores, que apresentam as suas primeiras experi\u00eancias, objectos art\u00edsticos simples, com evidente proximidade com o p\u00fablico a quem se destinam. Pretendemos deste modo estimular os alunos a continuarem a investir num percurso que, ainda que parecendo inst\u00e1vel e pouco seguro, pode ter resultados surpreendentes como estes que lhes proporcionamos. Por vezes, o que nos pode parecer long\u00ednquo e inating\u00edvel \u00e9 s\u00f3 exigente.<\/p>\n<p>As actividades de <strong>valados<\/strong> s\u00e3o tamb\u00e9m abertas a alunos de outras escolas da cidade.<\/p>\n<p>[\/et_pb_text][\/et_pb_column][\/et_pb_row][\/et_pb_section][et_pb_section fb_built=&#8221;1&#8243; module_id=&#8221;menuPT&#8221; module_class=&#8221;dl-popup-content&#8221; _builder_version=&#8221;4.24.0&#8243; _module_preset=&#8221;default&#8221; background_color=&#8221;#000000&#8243; min_height=&#8221;100%&#8221; locked=&#8221;off&#8221; global_colors_info=&#8221;{}&#8221;][et_pb_row _builder_version=&#8221;4.24.0&#8243; _module_preset=&#8221;default&#8221; module_alignment=&#8221;center&#8221; custom_padding=&#8221;||||false|false&#8221; locked=&#8221;off&#8221; global_colors_info=&#8221;{}&#8221;][et_pb_column type=&#8221;4_4&#8243; _builder_version=&#8221;4.24.0&#8243; _module_preset=&#8221;default&#8221; global_colors_info=&#8221;{}&#8221;][et_pb_icon font_icon=&#8221;&#x4d;||divi||400&#8243; icon_color=&#8221;#FFFFFF&#8221; icon_width=&#8221;63px&#8221; module_class=&#8221;dl-popup-close&#8221; _builder_version=&#8221;4.24.0&#8243; _module_preset=&#8221;default&#8221; positioning=&#8221;absolute&#8221; position_origin_a=&#8221;top_right&#8221; vertical_offset=&#8221;-60px&#8221; horizontal_offset=&#8221;-80px&#8221; global_colors_info=&#8221;{%22gcid-9c7dee6f-4296-49fb-b3a3-13d579804a92%22:%91%22icon_color__hover%22%93}&#8221; icon_color__hover_enabled=&#8221;on|desktop&#8221; icon_color__hover=&#8221;#fff208&#8243;][\/et_pb_icon][et_pb_button button_url=&#8221;@ET-DC@eyJkeW5hbWljIjp0cnVlLCJjb250ZW50IjoicG9zdF9saW5rX3VybF9wYWdlIiwic2V0dGluZ3MiOnsicG9zdF9pZCI6IjE2In19@&#8221; button_text=&#8221;home&#8221; button_alignment=&#8221;right&#8221; _builder_version=&#8221;4.24.0&#8243; _dynamic_attributes=&#8221;button_url&#8221; _module_preset=&#8221;default&#8221; custom_button=&#8221;on&#8221; button_text_color=&#8221;#999999&#8243; button_border_width=&#8221;0px&#8221; button_font=&#8221;|300|||||||&#8221; button_use_icon=&#8221;off&#8221; custom_margin=&#8221;||5px||false|false&#8221; custom_padding=&#8221;|0px|||false|false&#8221; global_colors_info=&#8221;{}&#8221; button_text_color__hover_enabled=&#8221;on|hover&#8221; button_text_color__hover=&#8221;#fff208&#8243; button_border_width__hover_enabled=&#8221;off|desktop&#8221;][\/et_pb_button][et_pb_button button_url=&#8221;#agenda&#8221; button_text=&#8221;agenda&#8221; button_alignment=&#8221;right&#8221; _builder_version=&#8221;4.24.0&#8243; _module_preset=&#8221;default&#8221; custom_button=&#8221;on&#8221; button_text_color=&#8221;#999999&#8243; button_border_width=&#8221;0px&#8221; button_font=&#8221;|700|||||||&#8221; button_use_icon=&#8221;off&#8221; custom_margin=&#8221;||5px||false|false&#8221; custom_padding=&#8221;|0px|||false|false&#8221; global_colors_info=&#8221;{}&#8221; button_text_color__hover_enabled=&#8221;on|hover&#8221; button_text_color__hover=&#8221;#fff208&#8243; button_border_width__hover_enabled=&#8221;off|desktop&#8221;][\/et_pb_button][et_pb_button button_url=&#8221;@ET-DC@eyJkeW5hbWljIjp0cnVlLCJjb250ZW50IjoicG9zdF9saW5rX3VybF9wYWdlIiwic2V0dGluZ3MiOnsicG9zdF9pZCI6IjEyMyJ9fQ==@&#8221; button_text=&#8221;programa\u00e7\u00e3o do CAPa&#8221; button_alignment=&#8221;right&#8221; _builder_version=&#8221;4.24.0&#8243; _dynamic_attributes=&#8221;button_url&#8221; _module_preset=&#8221;default&#8221; custom_button=&#8221;on&#8221; button_text_color=&#8221;#999999&#8243; button_border_width=&#8221;0px&#8221; button_font=&#8221;|300|||||||&#8221; button_use_icon=&#8221;off&#8221; custom_padding=&#8221;|0px|||false|false&#8221; global_colors_info=&#8221;{}&#8221; button_text_color__hover_enabled=&#8221;on|hover&#8221; button_text_color__hover=&#8221;#fff208&#8243; button_border_width__hover_enabled=&#8221;off|desktop&#8221;][\/et_pb_button][et_pb_button button_url=&#8221;@ET-DC@eyJkeW5hbWljIjp0cnVlLCJjb250ZW50IjoicG9zdF9saW5rX3VybF9wYWdlIiwic2V0dGluZ3MiOnsicG9zdF9pZCI6IjY3MCJ9fQ==@&#8221; button_text=&#8221;programa de resid\u00eancias&#8221; button_alignment=&#8221;right&#8221; _builder_version=&#8221;4.24.0&#8243; _dynamic_attributes=&#8221;button_url&#8221; _module_preset=&#8221;default&#8221; custom_button=&#8221;on&#8221; button_text_color=&#8221;#999999&#8243; button_border_width=&#8221;0px&#8221; button_font=&#8221;|700|||||||&#8221; button_use_icon=&#8221;off&#8221; custom_margin=&#8221;||0px||false|false&#8221; custom_padding=&#8221;|0px|||false|false&#8221; global_colors_info=&#8221;{}&#8221; button_text_color__hover_enabled=&#8221;on|hover&#8221; button_text_color__hover=&#8221;#fff208&#8243; button_border_width__hover_enabled=&#8221;off|desktop&#8221;][\/et_pb_button][et_pb_button button_url=&#8221;https:\/\/form.jotform.com\/201605510045339&#8243; url_new_window=&#8221;on&#8221; button_text=&#8221;candidaturas&#8221; button_alignment=&#8221;right&#8221; _builder_version=&#8221;4.24.0&#8243; _module_preset=&#8221;default&#8221; custom_button=&#8221;on&#8221; button_text_size=&#8221;18px&#8221; button_text_color=&#8221;#999999&#8243; button_border_width=&#8221;0px&#8221; button_font=&#8221;|300|||||||&#8221; button_use_icon=&#8221;off&#8221; custom_margin=&#8221;||0px||false|false&#8221; custom_padding=&#8221;|0px|||false|false&#8221; global_colors_info=&#8221;{}&#8221; button_text_color__hover_enabled=&#8221;on|hover&#8221; button_text_color__hover=&#8221;#fff208&#8243; button_border_width__hover_enabled=&#8221;off|desktop&#8221;][\/et_pb_button][et_pb_button button_url=&#8221;@ET-DC@eyJkeW5hbWljIjp0cnVlLCJjb250ZW50IjoicG9zdF9saW5rX3VybF9wYWdlIiwic2V0dGluZ3MiOnsicG9zdF9pZCI6IjE0MzUifX0=@&#8221; button_text=&#8221;projectos em resid\u00eancia&#8221; button_alignment=&#8221;right&#8221; _builder_version=&#8221;4.24.0&#8243; _dynamic_attributes=&#8221;button_url&#8221; _module_preset=&#8221;default&#8221; custom_button=&#8221;on&#8221; button_text_size=&#8221;18px&#8221; button_text_color=&#8221;#999999&#8243; button_border_width=&#8221;0px&#8221; button_font=&#8221;|300|||||||&#8221; button_use_icon=&#8221;off&#8221; custom_padding=&#8221;|0px|||false|false&#8221; global_colors_info=&#8221;{}&#8221; button_text_color__hover_enabled=&#8221;on|hover&#8221; button_text_color__hover=&#8221;#fff208&#8243; button_border_width__hover_enabled=&#8221;off|desktop&#8221;][\/et_pb_button][et_pb_button button_url=&#8221;@ET-DC@eyJkeW5hbWljIjp0cnVlLCJjb250ZW50IjoicG9zdF9saW5rX3VybF9wYWdlIiwic2V0dGluZ3MiOnsicG9zdF9pZCI6IjgzMiJ9fQ==@&#8221; button_text=&#8221;encontros do DeVIR&#8221; button_alignment=&#8221;right&#8221; _builder_version=&#8221;4.24.0&#8243; _dynamic_attributes=&#8221;button_url&#8221; _module_preset=&#8221;default&#8221; custom_button=&#8221;on&#8221; button_text_color=&#8221;#999999&#8243; button_border_width=&#8221;0px&#8221; button_font=&#8221;|700|||||||&#8221; button_use_icon=&#8221;off&#8221; custom_margin=&#8221;||0px||false|false&#8221; custom_padding=&#8221;|0px|||false|false&#8221; global_colors_info=&#8221;{}&#8221; button_text_color__hover_enabled=&#8221;on|hover&#8221; button_text_color__hover=&#8221;#fff208&#8243; button_border_width__hover_enabled=&#8221;off|desktop&#8221;][\/et_pb_button][et_pb_button button_url=&#8221;@ET-DC@eyJkeW5hbWljIjp0cnVlLCJjb250ZW50IjoicG9zdF9saW5rX3VybF9wYWdlIiwic2V0dGluZ3MiOnsicG9zdF9pZCI6IjE0MzgifX0=@&#8221; button_text=&#8221;DeVIR na Horta da Areia&#8221; button_alignment=&#8221;right&#8221; _builder_version=&#8221;4.24.0&#8243; _dynamic_attributes=&#8221;button_url&#8221; _module_preset=&#8221;default&#8221; custom_button=&#8221;on&#8221; button_text_color=&#8221;#999999&#8243; button_border_width=&#8221;0px&#8221; button_font=&#8221;|700|||||||&#8221; button_use_icon=&#8221;off&#8221; custom_margin=&#8221;||0px||false|false&#8221; custom_padding=&#8221;|0px|||false|false&#8221; global_colors_info=&#8221;{}&#8221; button_text_color__hover_enabled=&#8221;on|hover&#8221; button_text_color__hover=&#8221;#fff208&#8243; button_border_width__hover_enabled=&#8221;off|desktop&#8221;][\/et_pb_button][et_pb_button button_url=&#8221;@ET-DC@eyJkeW5hbWljIjp0cnVlLCJjb250ZW50IjoicG9zdF9saW5rX3VybF9wYWdlIiwic2V0dGluZ3MiOnsicG9zdF9pZCI6IjE0NDEifX0=@&#8221; button_text=&#8221;valados&#8221; button_alignment=&#8221;right&#8221; _builder_version=&#8221;4.24.0&#8243; _dynamic_attributes=&#8221;button_url&#8221; _module_preset=&#8221;default&#8221; custom_button=&#8221;on&#8221; button_text_color=&#8221;#999999&#8243; button_border_width=&#8221;0px&#8221; button_font=&#8221;|700|||||||&#8221; button_use_icon=&#8221;off&#8221; custom_padding=&#8221;|0px|||false|false&#8221; global_colors_info=&#8221;{}&#8221; button_text_color__hover_enabled=&#8221;on|hover&#8221; button_text_color__hover=&#8221;#fff208&#8243; button_border_width__hover_enabled=&#8221;off|desktop&#8221;][\/et_pb_button][et_pb_button button_url=&#8221;@ET-DC@eyJkeW5hbWljIjp0cnVlLCJjb250ZW50IjoicG9zdF9saW5rX3VybF9wYWdlIiwic2V0dGluZ3MiOnsicG9zdF9pZCI6IjE0NDQifX0=@&#8221; button_text=&#8221;projectos anteriores&#8221; button_alignment=&#8221;right&#8221; _builder_version=&#8221;4.24.0&#8243; _dynamic_attributes=&#8221;button_url&#8221; _module_preset=&#8221;default&#8221; custom_button=&#8221;on&#8221; button_text_color=&#8221;#999999&#8243; button_border_width=&#8221;0px&#8221; button_font=&#8221;|300|||||||&#8221; button_use_icon=&#8221;off&#8221; custom_padding=&#8221;|0px|||false|false&#8221; global_colors_info=&#8221;{}&#8221; button_text_color__hover_enabled=&#8221;on|hover&#8221; button_text_color__hover=&#8221;#fff208&#8243; button_border_width__hover_enabled=&#8221;off|desktop&#8221;][\/et_pb_button][et_pb_social_media_follow icon_color=&#8221;#999999&#8243; use_icon_font_size=&#8221;on&#8221; icon_font_size=&#8221;12px&#8221; _builder_version=&#8221;4.24.0&#8243; _module_preset=&#8221;default&#8221; text_orientation=&#8221;right&#8221; border_width_all=&#8221;1px&#8221; border_color_all=&#8221;#999999&#8243; global_colors_info=&#8221;{}&#8221;][et_pb_social_media_follow_network social_network=&#8221;facebook&#8221; url=&#8221;https:\/\/pt-pt.facebook.com\/devir.capa\/&#8221; _builder_version=&#8221;4.24.0&#8243; _module_preset=&#8221;default&#8221; background_color=&#8221;RGBA(255,255,255,0)&#8221; background_enable_color=&#8221;on&#8221; global_colors_info=&#8221;{}&#8221; follow_button=&#8221;off&#8221; url_new_window=&#8221;on&#8221;]facebook[\/et_pb_social_media_follow_network][et_pb_social_media_follow_network social_network=&#8221;instagram&#8221; url=&#8221;https:\/\/www.instagram.com\/devir.capa\/?hl=pt&#8221; _builder_version=&#8221;4.24.0&#8243; _module_preset=&#8221;default&#8221; background_color=&#8221;RGBA(255,255,255,0)&#8221; background_enable_color=&#8221;on&#8221; global_colors_info=&#8221;{}&#8221; follow_button=&#8221;off&#8221; url_new_window=&#8221;on&#8221;]instagram[\/et_pb_social_media_follow_network][\/et_pb_social_media_follow][\/et_pb_column][\/et_pb_row][\/et_pb_section]<\/p>\n","protected":false},"excerpt":{"rendered":"<p>valadosvalados consiste num programa de actividades nas \u00e1reas das artes performativas, realizado em articula\u00e7\u00e3o com o ensino formal, nomeadamente atrav\u00e9s de um protocolo celebrado com a Escola Secund\u00e1ria Tom\u00e1s Cabreira &#8211; Faro, direccionado para os alunos dos Cursos Profissionais de Artes do Espect\u00e1culo &#8211; Interpreta\u00e7\u00e3o e Int\u00e9rprete de Dan\u00e7a Contempor\u00e2nea. Tem como objectivo contribuir para [&hellip;]<\/p>\n","protected":false},"author":1,"featured_media":0,"parent":0,"menu_order":0,"comment_status":"closed","ping_status":"closed","template":"","meta":{"_et_pb_use_builder":"on","_et_pb_old_content":"<!-- wp:divi\/placeholder \/-->","_et_gb_content_width":"","footnotes":""},"class_list":["post-1441","page","type-page","status-publish","hentry"],"_links":{"self":[{"href":"https:\/\/devir-capa.com\/devir-capa.com\/wp-json\/wp\/v2\/pages\/1441","targetHints":{"allow":["GET"]}}],"collection":[{"href":"https:\/\/devir-capa.com\/devir-capa.com\/wp-json\/wp\/v2\/pages"}],"about":[{"href":"https:\/\/devir-capa.com\/devir-capa.com\/wp-json\/wp\/v2\/types\/page"}],"author":[{"embeddable":true,"href":"https:\/\/devir-capa.com\/devir-capa.com\/wp-json\/wp\/v2\/users\/1"}],"replies":[{"embeddable":true,"href":"https:\/\/devir-capa.com\/devir-capa.com\/wp-json\/wp\/v2\/comments?post=1441"}],"version-history":[{"count":5,"href":"https:\/\/devir-capa.com\/devir-capa.com\/wp-json\/wp\/v2\/pages\/1441\/revisions"}],"predecessor-version":[{"id":1568,"href":"https:\/\/devir-capa.com\/devir-capa.com\/wp-json\/wp\/v2\/pages\/1441\/revisions\/1568"}],"wp:attachment":[{"href":"https:\/\/devir-capa.com\/devir-capa.com\/wp-json\/wp\/v2\/media?parent=1441"}],"curies":[{"name":"wp","href":"https:\/\/api.w.org\/{rel}","templated":true}]}}