{"id":212,"date":"2024-01-31T10:04:40","date_gmt":"2024-01-31T10:04:40","guid":{"rendered":"https:\/\/encontrosdodevir.com\/devir-capa.com\/?page_id=212"},"modified":"2025-01-31T16:52:13","modified_gmt":"2025-01-31T16:52:13","slug":"sobre","status":"publish","type":"page","link":"https:\/\/devir-capa.com\/devir-capa.com\/sobre\/","title":{"rendered":"Sobre PT"},"content":{"rendered":"<p>[et_pb_section fb_built=&#8221;1&#8243; _builder_version=&#8221;4.24.0&#8243; _module_preset=&#8221;default&#8221; background_color=&#8221;gcid-9c7dee6f-4296-49fb-b3a3-13d579804a92&#8243; global_colors_info=&#8221;{%22gcid-9c7dee6f-4296-49fb-b3a3-13d579804a92%22:%91%22background_color%22%93}&#8221;][et_pb_row column_structure=&#8221;1_3,2_3&#8243; _builder_version=&#8221;4.24.0&#8243; _module_preset=&#8221;default&#8221; global_colors_info=&#8221;{}&#8221;][et_pb_column type=&#8221;1_3&#8243; _builder_version=&#8221;4.24.0&#8243; _module_preset=&#8221;default&#8221; global_colors_info=&#8221;{}&#8221;][\/et_pb_column][et_pb_column type=&#8221;2_3&#8243; _builder_version=&#8221;4.24.0&#8243; _module_preset=&#8221;default&#8221; global_colors_info=&#8221;{}&#8221;][et_pb_text _builder_version=&#8221;4.24.0&#8243; _module_preset=&#8221;default&#8221; text_font=&#8221;|800|||||||&#8221; text_text_color=&#8221;gcid-527eb459-f468-4cbc-9586-212d2b9c5593&#8243; text_font_size=&#8221;40px&#8221; global_colors_info=&#8221;{%22gcid-527eb459-f468-4cbc-9586-212d2b9c5593%22:%91%22text_text_color%22%93}&#8221;]<\/p>\n<p style=\"text-align: right;\">sobre<\/p>\n<p>[\/et_pb_text][et_pb_text _builder_version=&#8221;4.24.0&#8243; _module_preset=&#8221;default&#8221; text_text_color=&#8221;gcid-527eb459-f468-4cbc-9586-212d2b9c5593&#8243; global_colors_info=&#8221;{%22gcid-527eb459-f468-4cbc-9586-212d2b9c5593%22:%91%22text_text_color%22%93}&#8221;]<\/p>\n<p><strong>DeVIR, associa\u00e7\u00e3o de actividades culturais<\/strong> desenvolve actividade desde 1994, formalizou-se em 1996 e conta com o apoio do Estado Portugu\u00eas, atrav\u00e9s dos seus programas de apoio \u00e0s artes, desde 1997. Nos \u00faltimos 31 anos esta estrutura tem investido em programa\u00e7\u00f5es din\u00e2micas, apostando num trabalho de proximidade com as comunidades.<\/p>\n<p>em 1994 lan\u00e7ou o \u201c<strong>a sul<\/strong>\u201d Festival Internacional de Dan\u00e7a Contempor\u00e2nea. Nas suas 10 edi\u00e7\u00f5es participaram criadores de Portugal, Espanha, Arg\u00e9lia, Tun\u00edsia, It\u00e1lia, \u00cdndia, Porto Rico, M\u00e9xico, Venezuela, Brasil, Rep\u00fablica Checa, Rom\u00e9nia, Eslov\u00e1quia, Hungria, Argentina, Gr\u00e9cia, Chipre, Turquia e Jap\u00e3o. Em 2001 fundou o CAPa, Centro de Artes Performativas do Algarve (Faro), uma estrutura multidisciplinar, sem criadores residentes, que se dedica ao apoio \u00e0 cria\u00e7\u00e3o. A principal actividade do CAPa \u00e9 o Programa de Resid\u00eancias de Cria\u00e7\u00e3o Art\u00edstica, acolhendo criadores nacionais e internacionais ao longo de todo o ano. Paralelamente este Centro tem desenvolvido um conjunto de actividades, tais como temporadas de apresenta\u00e7\u00e3o de espect\u00e1culos, programa\u00e7\u00e3o de workhops e co-produ\u00e7\u00f5es com outras estruturas cong\u00e9neres. Acolhe frequentemente propostas da comunidade art\u00edstica local e desenvolve programas de forma\u00e7\u00e3o em diferentes \u00e1reas, dirigidos ao p\u00fablico em geral e ao infanto-juvenil. Neste enquadramento lan\u00e7ou em 2010 <strong>VALADOS<\/strong>, um programa de forma\u00e7\u00e3o nas \u00e1reas do espect\u00e1culo.<\/p>\n<p>desde 2003 tem vindo a ser parceira de redes europeias, de onde se destacam os projectos IDEE e modul-dance. \u00c9 membro fundador da EDN \u2013 European Dance Development Network, com o estatuto de casa europeia da dan\u00e7a.<\/p>\n<p>em 2012 lan\u00e7ou os <strong>encontros do DeVIR<\/strong>, um festival que tem o seu enfoque no territ\u00f3rio e em quest\u00f5es sociais e ambientais, envolvendo a comunidade local e um conjunto de destacados criadores nacionais e internacionais das \u00e1reas das artes do espect\u00e1culo, da imagem, da literatura e das ci\u00eancias sociais.<\/p>\n<p>Desenvolveu entre 2021 e 2023 o projeto comunit\u00e1rio <strong>DeVIR na Horta da Areia<\/strong>, com o apoio do programa PARTIS &amp; Art for Change, promovido pela Funda\u00e7\u00e3o Calouste Gulbenkian e pela Funda\u00e7\u00e3o &#8220;la Caixa&#8221;.<\/p>\n<p>&nbsp;<\/p>\n<p>[\/et_pb_text][\/et_pb_column][\/et_pb_row][\/et_pb_section][et_pb_section fb_built=&#8221;1&#8243; module_id=&#8221;menuPT&#8221; module_class=&#8221;dl-popup-content&#8221; _builder_version=&#8221;4.24.0&#8243; _module_preset=&#8221;default&#8221; background_color=&#8221;#000000&#8243; min_height=&#8221;100%&#8221; locked=&#8221;off&#8221; global_colors_info=&#8221;{}&#8221;][et_pb_row _builder_version=&#8221;4.24.0&#8243; _module_preset=&#8221;default&#8221; module_alignment=&#8221;center&#8221; custom_padding=&#8221;||||false|false&#8221; locked=&#8221;off&#8221; global_colors_info=&#8221;{}&#8221;][et_pb_column type=&#8221;4_4&#8243; _builder_version=&#8221;4.24.0&#8243; _module_preset=&#8221;default&#8221; global_colors_info=&#8221;{}&#8221;][et_pb_icon font_icon=&#8221;&#x4d;||divi||400&#8243; icon_color=&#8221;#FFFFFF&#8221; icon_width=&#8221;63px&#8221; module_class=&#8221;dl-popup-close&#8221; _builder_version=&#8221;4.24.0&#8243; _module_preset=&#8221;default&#8221; positioning=&#8221;absolute&#8221; position_origin_a=&#8221;top_right&#8221; vertical_offset=&#8221;-60px&#8221; horizontal_offset=&#8221;-80px&#8221; global_colors_info=&#8221;{%22gcid-9c7dee6f-4296-49fb-b3a3-13d579804a92%22:%91%22icon_color__hover%22%93}&#8221; icon_color__hover_enabled=&#8221;on|desktop&#8221; icon_color__hover=&#8221;#fff208&#8243;][\/et_pb_icon][et_pb_button button_url=&#8221;@ET-DC@eyJkeW5hbWljIjp0cnVlLCJjb250ZW50IjoicG9zdF9saW5rX3VybF9wYWdlIiwic2V0dGluZ3MiOnsicG9zdF9pZCI6IjE2In19@&#8221; button_text=&#8221;home&#8221; button_alignment=&#8221;right&#8221; _builder_version=&#8221;4.24.0&#8243; _dynamic_attributes=&#8221;button_url&#8221; _module_preset=&#8221;default&#8221; custom_button=&#8221;on&#8221; button_text_color=&#8221;#999999&#8243; button_border_width=&#8221;0px&#8221; button_font=&#8221;|300|||||||&#8221; button_use_icon=&#8221;off&#8221; custom_margin=&#8221;||5px||false|false&#8221; custom_padding=&#8221;|0px|||false|false&#8221; global_colors_info=&#8221;{}&#8221; button_text_color__hover_enabled=&#8221;on|hover&#8221; button_text_color__hover=&#8221;#fff208&#8243; button_border_width__hover_enabled=&#8221;off|desktop&#8221;][\/et_pb_button][et_pb_button button_url=&#8221;#agenda&#8221; button_text=&#8221;agenda&#8221; button_alignment=&#8221;right&#8221; _builder_version=&#8221;4.24.0&#8243; _module_preset=&#8221;default&#8221; custom_button=&#8221;on&#8221; button_text_color=&#8221;#999999&#8243; button_border_width=&#8221;0px&#8221; button_font=&#8221;|700|||||||&#8221; button_use_icon=&#8221;off&#8221; custom_margin=&#8221;||5px||false|false&#8221; custom_padding=&#8221;|0px|||false|false&#8221; global_colors_info=&#8221;{}&#8221; button_text_color__hover_enabled=&#8221;on|hover&#8221; button_text_color__hover=&#8221;#fff208&#8243; button_border_width__hover_enabled=&#8221;off|desktop&#8221;][\/et_pb_button][et_pb_button button_url=&#8221;@ET-DC@eyJkeW5hbWljIjp0cnVlLCJjb250ZW50IjoicG9zdF9saW5rX3VybF9wYWdlIiwic2V0dGluZ3MiOnsicG9zdF9pZCI6IjEyMyJ9fQ==@&#8221; button_text=&#8221;programa\u00e7\u00e3o do CAPa&#8221; button_alignment=&#8221;right&#8221; _builder_version=&#8221;4.24.0&#8243; _dynamic_attributes=&#8221;button_url&#8221; _module_preset=&#8221;default&#8221; custom_button=&#8221;on&#8221; button_text_color=&#8221;#999999&#8243; button_border_width=&#8221;0px&#8221; button_font=&#8221;|300|||||||&#8221; button_use_icon=&#8221;off&#8221; custom_padding=&#8221;|0px|||false|false&#8221; global_colors_info=&#8221;{}&#8221; button_text_color__hover_enabled=&#8221;on|hover&#8221; button_text_color__hover=&#8221;#fff208&#8243; button_border_width__hover_enabled=&#8221;off|desktop&#8221;][\/et_pb_button][et_pb_button button_url=&#8221;@ET-DC@eyJkeW5hbWljIjp0cnVlLCJjb250ZW50IjoicG9zdF9saW5rX3VybF9wYWdlIiwic2V0dGluZ3MiOnsicG9zdF9pZCI6IjY3MCJ9fQ==@&#8221; button_text=&#8221;programa de resid\u00eancias&#8221; button_alignment=&#8221;right&#8221; _builder_version=&#8221;4.24.0&#8243; _dynamic_attributes=&#8221;button_url&#8221; _module_preset=&#8221;default&#8221; custom_button=&#8221;on&#8221; button_text_color=&#8221;#999999&#8243; button_border_width=&#8221;0px&#8221; button_font=&#8221;|700|||||||&#8221; button_use_icon=&#8221;off&#8221; custom_margin=&#8221;||0px||false|false&#8221; custom_padding=&#8221;|0px|||false|false&#8221; global_colors_info=&#8221;{}&#8221; button_text_color__hover_enabled=&#8221;on|hover&#8221; button_text_color__hover=&#8221;#fff208&#8243; button_border_width__hover_enabled=&#8221;off|desktop&#8221;][\/et_pb_button][et_pb_button button_url=&#8221;https:\/\/form.jotform.com\/201605510045339&#8243; url_new_window=&#8221;on&#8221; button_text=&#8221;candidaturas&#8221; button_alignment=&#8221;right&#8221; _builder_version=&#8221;4.24.0&#8243; _module_preset=&#8221;default&#8221; custom_button=&#8221;on&#8221; button_text_size=&#8221;18px&#8221; button_text_color=&#8221;#999999&#8243; button_border_width=&#8221;0px&#8221; button_font=&#8221;|300|||||||&#8221; button_use_icon=&#8221;off&#8221; custom_margin=&#8221;||0px||false|false&#8221; custom_padding=&#8221;|0px|||false|false&#8221; global_colors_info=&#8221;{}&#8221; button_text_color__hover_enabled=&#8221;on|hover&#8221; button_text_color__hover=&#8221;#fff208&#8243; button_border_width__hover_enabled=&#8221;off|desktop&#8221;][\/et_pb_button][et_pb_button button_url=&#8221;@ET-DC@eyJkeW5hbWljIjp0cnVlLCJjb250ZW50IjoicG9zdF9saW5rX3VybF9wYWdlIiwic2V0dGluZ3MiOnsicG9zdF9pZCI6IjE0MzUifX0=@&#8221; button_text=&#8221;projectos em resid\u00eancia&#8221; button_alignment=&#8221;right&#8221; _builder_version=&#8221;4.24.0&#8243; _dynamic_attributes=&#8221;button_url&#8221; _module_preset=&#8221;default&#8221; custom_button=&#8221;on&#8221; button_text_size=&#8221;18px&#8221; button_text_color=&#8221;#999999&#8243; button_border_width=&#8221;0px&#8221; button_font=&#8221;|300|||||||&#8221; button_use_icon=&#8221;off&#8221; custom_padding=&#8221;|0px|||false|false&#8221; global_colors_info=&#8221;{}&#8221; button_text_color__hover_enabled=&#8221;on|hover&#8221; button_text_color__hover=&#8221;#fff208&#8243; button_border_width__hover_enabled=&#8221;off|desktop&#8221;][\/et_pb_button][et_pb_button button_url=&#8221;@ET-DC@eyJkeW5hbWljIjp0cnVlLCJjb250ZW50IjoicG9zdF9saW5rX3VybF9wYWdlIiwic2V0dGluZ3MiOnsicG9zdF9pZCI6IjgzMiJ9fQ==@&#8221; button_text=&#8221;encontros do DeVIR&#8221; button_alignment=&#8221;right&#8221; _builder_version=&#8221;4.24.0&#8243; _dynamic_attributes=&#8221;button_url&#8221; _module_preset=&#8221;default&#8221; custom_button=&#8221;on&#8221; button_text_color=&#8221;#999999&#8243; button_border_width=&#8221;0px&#8221; button_font=&#8221;|700|||||||&#8221; button_use_icon=&#8221;off&#8221; custom_margin=&#8221;||0px||false|false&#8221; custom_padding=&#8221;|0px|||false|false&#8221; global_colors_info=&#8221;{}&#8221; button_text_color__hover_enabled=&#8221;on|hover&#8221; button_text_color__hover=&#8221;#fff208&#8243; button_border_width__hover_enabled=&#8221;off|desktop&#8221;][\/et_pb_button][et_pb_button button_url=&#8221;@ET-DC@eyJkeW5hbWljIjp0cnVlLCJjb250ZW50IjoicG9zdF9saW5rX3VybF9wYWdlIiwic2V0dGluZ3MiOnsicG9zdF9pZCI6IjE0MzgifX0=@&#8221; button_text=&#8221;DeVIR na Horta da Areia&#8221; button_alignment=&#8221;right&#8221; _builder_version=&#8221;4.24.0&#8243; _dynamic_attributes=&#8221;button_url&#8221; _module_preset=&#8221;default&#8221; custom_button=&#8221;on&#8221; button_text_color=&#8221;#999999&#8243; button_border_width=&#8221;0px&#8221; button_font=&#8221;|700|||||||&#8221; button_use_icon=&#8221;off&#8221; custom_margin=&#8221;||0px||false|false&#8221; custom_padding=&#8221;|0px|||false|false&#8221; global_colors_info=&#8221;{}&#8221; button_text_color__hover_enabled=&#8221;on|hover&#8221; button_text_color__hover=&#8221;#fff208&#8243; button_border_width__hover_enabled=&#8221;off|desktop&#8221;][\/et_pb_button][et_pb_button button_url=&#8221;@ET-DC@eyJkeW5hbWljIjp0cnVlLCJjb250ZW50IjoicG9zdF9saW5rX3VybF9wYWdlIiwic2V0dGluZ3MiOnsicG9zdF9pZCI6IjE0NDEifX0=@&#8221; button_text=&#8221;valados&#8221; button_alignment=&#8221;right&#8221; _builder_version=&#8221;4.24.0&#8243; _dynamic_attributes=&#8221;button_url&#8221; _module_preset=&#8221;default&#8221; custom_button=&#8221;on&#8221; button_text_color=&#8221;#999999&#8243; button_border_width=&#8221;0px&#8221; button_font=&#8221;|700|||||||&#8221; button_use_icon=&#8221;off&#8221; custom_padding=&#8221;|0px|||false|false&#8221; global_colors_info=&#8221;{}&#8221; button_text_color__hover_enabled=&#8221;on|hover&#8221; button_text_color__hover=&#8221;#fff208&#8243; button_border_width__hover_enabled=&#8221;off|desktop&#8221;][\/et_pb_button][et_pb_button button_url=&#8221;@ET-DC@eyJkeW5hbWljIjp0cnVlLCJjb250ZW50IjoicG9zdF9saW5rX3VybF9wYWdlIiwic2V0dGluZ3MiOnsicG9zdF9pZCI6IjE0NDQifX0=@&#8221; button_text=&#8221;projectos anteriores&#8221; button_alignment=&#8221;right&#8221; _builder_version=&#8221;4.24.0&#8243; _dynamic_attributes=&#8221;button_url&#8221; _module_preset=&#8221;default&#8221; custom_button=&#8221;on&#8221; button_text_color=&#8221;#999999&#8243; button_border_width=&#8221;0px&#8221; button_font=&#8221;|300|||||||&#8221; button_use_icon=&#8221;off&#8221; custom_padding=&#8221;|0px|||false|false&#8221; global_colors_info=&#8221;{}&#8221; button_text_color__hover_enabled=&#8221;on|hover&#8221; button_text_color__hover=&#8221;#fff208&#8243; button_border_width__hover_enabled=&#8221;off|desktop&#8221;][\/et_pb_button][et_pb_social_media_follow icon_color=&#8221;#999999&#8243; use_icon_font_size=&#8221;on&#8221; icon_font_size=&#8221;12px&#8221; _builder_version=&#8221;4.24.0&#8243; _module_preset=&#8221;default&#8221; text_orientation=&#8221;right&#8221; border_width_all=&#8221;1px&#8221; border_color_all=&#8221;#999999&#8243; global_colors_info=&#8221;{}&#8221;][et_pb_social_media_follow_network social_network=&#8221;facebook&#8221; url=&#8221;https:\/\/pt-pt.facebook.com\/devir.capa\/&#8221; _builder_version=&#8221;4.24.0&#8243; _module_preset=&#8221;default&#8221; background_color=&#8221;RGBA(255,255,255,0)&#8221; background_enable_color=&#8221;on&#8221; global_colors_info=&#8221;{}&#8221; follow_button=&#8221;off&#8221; url_new_window=&#8221;on&#8221;]facebook[\/et_pb_social_media_follow_network][et_pb_social_media_follow_network social_network=&#8221;instagram&#8221; url=&#8221;https:\/\/www.instagram.com\/devir.capa\/?hl=pt&#8221; _builder_version=&#8221;4.24.0&#8243; _module_preset=&#8221;default&#8221; background_color=&#8221;RGBA(255,255,255,0)&#8221; background_enable_color=&#8221;on&#8221; global_colors_info=&#8221;{}&#8221; follow_button=&#8221;off&#8221; url_new_window=&#8221;on&#8221;]instagram[\/et_pb_social_media_follow_network][\/et_pb_social_media_follow][\/et_pb_column][\/et_pb_row][\/et_pb_section]<\/p>\n","protected":false},"excerpt":{"rendered":"<p>sobreDeVIR, associa\u00e7\u00e3o de actividades culturais desenvolve actividade desde 1994, formalizou-se em 1996 e conta com o apoio do Estado Portugu\u00eas, atrav\u00e9s dos seus programas de apoio \u00e0s artes, desde 1997. Nos \u00faltimos 31 anos esta estrutura tem investido em programa\u00e7\u00f5es din\u00e2micas, apostando num trabalho de proximidade com as comunidades. em 1994 lan\u00e7ou o \u201ca sul\u201d [&hellip;]<\/p>\n","protected":false},"author":1,"featured_media":0,"parent":0,"menu_order":0,"comment_status":"closed","ping_status":"closed","template":"","meta":{"_et_pb_use_builder":"on","_et_pb_old_content":"","_et_gb_content_width":"","footnotes":""},"class_list":["post-212","page","type-page","status-publish","hentry"],"_links":{"self":[{"href":"https:\/\/devir-capa.com\/devir-capa.com\/wp-json\/wp\/v2\/pages\/212","targetHints":{"allow":["GET"]}}],"collection":[{"href":"https:\/\/devir-capa.com\/devir-capa.com\/wp-json\/wp\/v2\/pages"}],"about":[{"href":"https:\/\/devir-capa.com\/devir-capa.com\/wp-json\/wp\/v2\/types\/page"}],"author":[{"embeddable":true,"href":"https:\/\/devir-capa.com\/devir-capa.com\/wp-json\/wp\/v2\/users\/1"}],"replies":[{"embeddable":true,"href":"https:\/\/devir-capa.com\/devir-capa.com\/wp-json\/wp\/v2\/comments?post=212"}],"version-history":[{"count":9,"href":"https:\/\/devir-capa.com\/devir-capa.com\/wp-json\/wp\/v2\/pages\/212\/revisions"}],"predecessor-version":[{"id":2423,"href":"https:\/\/devir-capa.com\/devir-capa.com\/wp-json\/wp\/v2\/pages\/212\/revisions\/2423"}],"wp:attachment":[{"href":"https:\/\/devir-capa.com\/devir-capa.com\/wp-json\/wp\/v2\/media?parent=212"}],"curies":[{"name":"wp","href":"https:\/\/api.w.org\/{rel}","templated":true}]}}